{"id":744,"date":"2024-01-23T15:27:15","date_gmt":"2024-01-23T11:27:15","guid":{"rendered":"https:\/\/uketa.com\/home\/"},"modified":"2026-03-06T00:46:39","modified_gmt":"2026-03-05T20:46:39","slug":"home","status":"publish","type":"page","link":"https:\/\/uketa.com\/de\/","title":{"rendered":"UKETA.com"},"content":{"rendered":"","protected":false},"excerpt":{"rendered":"","protected":false},"author":1,"featured_media":0,"parent":0,"menu_order":0,"comment_status":"closed","ping_status":"closed","template":"template-home.php","meta":{"_acf_changed":false,"inline_featured_image":false,"footnotes":""},"class_list":["post-744","page","type-page","status-publish","hentry"],"acf":[],"yoast_head":"<!-- This site is optimized with the Yoast SEO Premium plugin v26.8 (Yoast SEO v26.8) - https:\/\/yoast.com\/product\/yoast-seo-premium-wordpress\/ -->\n<title>Elektronische Reisegenehmigung f\u00fcr Gro\u00dfbritannien | UKETA.com<\/title>\n<meta name=\"description\" content=\"Ihre \u00dcbersicht zur elektronischen Reisegenehmigung (ETA) und zur Einreichung von ETA-Antr\u00e4gen f\u00fcr das Vereinigte K\u00f6nigreich.\" \/>\n<meta name=\"robots\" content=\"index, follow, max-snippet:-1, max-image-preview:large, max-video-preview:-1\" \/>\n<link rel=\"canonical\" href=\"https:\/\/uketa.com\/de\/\" \/>\n<meta property=\"og:locale\" content=\"de_DE\" \/>\n<meta property=\"og:type\" content=\"article\" \/>\n<meta property=\"og:title\" content=\"UKETA.com\" \/>\n<meta property=\"og:description\" content=\"Ihre \u00dcbersicht zur elektronischen Reisegenehmigung (ETA) und zur Einreichung von ETA-Antr\u00e4gen f\u00fcr das Vereinigte K\u00f6nigreich.\" \/>\n<meta property=\"og:url\" content=\"https:\/\/uketa.com\/de\/\" \/>\n<meta property=\"og:site_name\" content=\"UKETA.com\" \/>\n<meta property=\"article:modified_time\" content=\"2026-03-05T20:46:39+00:00\" \/>\n<meta property=\"og:image\" content=\"https:\/\/uketa.com\/wp-content\/uploads\/2024\/01\/contact_1-1-1024x435.webp\" \/>\n<meta name=\"twitter:card\" content=\"summary_large_image\" \/>\n<script type=\"application\/ld+json\" class=\"yoast-schema-graph\">{\"@context\":\"https:\/\/schema.org\",\"@graph\":[{\"@type\":\"WebPage\",\"@id\":\"https:\/\/uketa.com\/de\/\",\"url\":\"https:\/\/uketa.com\/de\/\",\"name\":\"Elektronische Reisegenehmigung f\u00fcr Gro\u00dfbritannien | UKETA.com\",\"isPartOf\":{\"@id\":\"https:\/\/uketa.com\/de\/#website\"},\"datePublished\":\"2024-01-23T11:27:15+00:00\",\"dateModified\":\"2026-03-05T20:46:39+00:00\",\"description\":\"Ihre \u00dcbersicht zur elektronischen Reisegenehmigung (ETA) und zur Einreichung von ETA-Antr\u00e4gen f\u00fcr das Vereinigte K\u00f6nigreich.\",\"breadcrumb\":{\"@id\":\"https:\/\/uketa.com\/de\/#breadcrumb\"},\"inLanguage\":\"de\",\"potentialAction\":[{\"@type\":\"ReadAction\",\"target\":[\"https:\/\/uketa.com\/de\/\"]}]},{\"@type\":\"BreadcrumbList\",\"@id\":\"https:\/\/uketa.com\/de\/#breadcrumb\",\"itemListElement\":[{\"@type\":\"ListItem\",\"position\":1,\"name\":\"Home\",\"item\":\"https:\/\/uketa.com\/de\/\"},{\"@type\":\"ListItem\",\"position\":2,\"name\":\"UKETA.com\"}]},{\"@type\":\"WebSite\",\"@id\":\"https:\/\/uketa.com\/de\/#website\",\"url\":\"https:\/\/uketa.com\/de\/\",\"name\":\"UKETA.com\",\"description\":\"\",\"publisher\":{\"@id\":\"https:\/\/uketa.com\/de\/#organization\"},\"potentialAction\":[{\"@type\":\"SearchAction\",\"target\":{\"@type\":\"EntryPoint\",\"urlTemplate\":\"https:\/\/uketa.com\/de\/?s={search_term_string}\"},\"query-input\":{\"@type\":\"PropertyValueSpecification\",\"valueRequired\":true,\"valueName\":\"search_term_string\"}}],\"inLanguage\":\"de\"},{\"@type\":\"Organization\",\"@id\":\"https:\/\/uketa.com\/de\/#organization\",\"name\":\"UKETA.com\",\"url\":\"https:\/\/uketa.com\/de\/\",\"logo\":{\"@type\":\"ImageObject\",\"inLanguage\":\"de\",\"@id\":\"https:\/\/uketa.com\/de\/#\/schema\/logo\/image\/\",\"url\":\"https:\/\/uketa.com\/wp-content\/uploads\/2024\/02\/UKETA.com_.png\",\"contentUrl\":\"https:\/\/uketa.com\/wp-content\/uploads\/2024\/02\/UKETA.com_.png\",\"width\":542,\"height\":172,\"caption\":\"UKETA.com\"},\"image\":{\"@id\":\"https:\/\/uketa.com\/de\/#\/schema\/logo\/image\/\"}}]}<\/script>\n<!-- \/ Yoast SEO Premium plugin. -->","yoast_head_json":{"title":"Elektronische Reisegenehmigung f\u00fcr Gro\u00dfbritannien | UKETA.com","description":"Ihre \u00dcbersicht zur elektronischen Reisegenehmigung (ETA) und zur Einreichung von ETA-Antr\u00e4gen f\u00fcr das Vereinigte K\u00f6nigreich.","robots":{"index":"index","follow":"follow","max-snippet":"max-snippet:-1","max-image-preview":"max-image-preview:large","max-video-preview":"max-video-preview:-1"},"canonical":"https:\/\/uketa.com\/de\/","og_locale":"de_DE","og_type":"article","og_title":"UKETA.com","og_description":"Ihre \u00dcbersicht zur elektronischen Reisegenehmigung (ETA) und zur Einreichung von ETA-Antr\u00e4gen f\u00fcr das Vereinigte K\u00f6nigreich.","og_url":"https:\/\/uketa.com\/de\/","og_site_name":"UKETA.com","article_modified_time":"2026-03-05T20:46:39+00:00","og_image":[{"url":"https:\/\/uketa.com\/wp-content\/uploads\/2024\/01\/contact_1-1-1024x435.webp","type":"","width":"","height":""}],"twitter_card":"summary_large_image","schema":{"@context":"https:\/\/schema.org","@graph":[{"@type":"WebPage","@id":"https:\/\/uketa.com\/de\/","url":"https:\/\/uketa.com\/de\/","name":"Elektronische Reisegenehmigung f\u00fcr Gro\u00dfbritannien | UKETA.com","isPartOf":{"@id":"https:\/\/uketa.com\/de\/#website"},"datePublished":"2024-01-23T11:27:15+00:00","dateModified":"2026-03-05T20:46:39+00:00","description":"Ihre \u00dcbersicht zur elektronischen Reisegenehmigung (ETA) und zur Einreichung von ETA-Antr\u00e4gen f\u00fcr das Vereinigte K\u00f6nigreich.","breadcrumb":{"@id":"https:\/\/uketa.com\/de\/#breadcrumb"},"inLanguage":"de","potentialAction":[{"@type":"ReadAction","target":["https:\/\/uketa.com\/de\/"]}]},{"@type":"BreadcrumbList","@id":"https:\/\/uketa.com\/de\/#breadcrumb","itemListElement":[{"@type":"ListItem","position":1,"name":"Home","item":"https:\/\/uketa.com\/de\/"},{"@type":"ListItem","position":2,"name":"UKETA.com"}]},{"@type":"WebSite","@id":"https:\/\/uketa.com\/de\/#website","url":"https:\/\/uketa.com\/de\/","name":"UKETA.com","description":"","publisher":{"@id":"https:\/\/uketa.com\/de\/#organization"},"potentialAction":[{"@type":"SearchAction","target":{"@type":"EntryPoint","urlTemplate":"https:\/\/uketa.com\/de\/?s={search_term_string}"},"query-input":{"@type":"PropertyValueSpecification","valueRequired":true,"valueName":"search_term_string"}}],"inLanguage":"de"},{"@type":"Organization","@id":"https:\/\/uketa.com\/de\/#organization","name":"UKETA.com","url":"https:\/\/uketa.com\/de\/","logo":{"@type":"ImageObject","inLanguage":"de","@id":"https:\/\/uketa.com\/de\/#\/schema\/logo\/image\/","url":"https:\/\/uketa.com\/wp-content\/uploads\/2024\/02\/UKETA.com_.png","contentUrl":"https:\/\/uketa.com\/wp-content\/uploads\/2024\/02\/UKETA.com_.png","width":542,"height":172,"caption":"UKETA.com"},"image":{"@id":"https:\/\/uketa.com\/de\/#\/schema\/logo\/image\/"}}]}},"_links":{"self":[{"href":"https:\/\/uketa.com\/de\/wp-json\/wp\/v2\/pages\/744","targetHints":{"allow":["GET"]}}],"collection":[{"href":"https:\/\/uketa.com\/de\/wp-json\/wp\/v2\/pages"}],"about":[{"href":"https:\/\/uketa.com\/de\/wp-json\/wp\/v2\/types\/page"}],"author":[{"embeddable":true,"href":"https:\/\/uketa.com\/de\/wp-json\/wp\/v2\/users\/1"}],"replies":[{"embeddable":true,"href":"https:\/\/uketa.com\/de\/wp-json\/wp\/v2\/comments?post=744"}],"version-history":[{"count":18,"href":"https:\/\/uketa.com\/de\/wp-json\/wp\/v2\/pages\/744\/revisions"}],"predecessor-version":[{"id":10038,"href":"https:\/\/uketa.com\/de\/wp-json\/wp\/v2\/pages\/744\/revisions\/10038"}],"wp:attachment":[{"href":"https:\/\/uketa.com\/de\/wp-json\/wp\/v2\/media?parent=744"}],"curies":[{"name":"wp","href":"https:\/\/api.w.org\/{rel}","templated":true}]}}